{"id":272,"date":"2020-12-16T20:45:30","date_gmt":"2020-12-16T23:45:30","guid":{"rendered":"https:\/\/www.subtel.gob.cl\/obs5g\/?page_id=272"},"modified":"2022-01-17T11:40:52","modified_gmt":"2022-01-17T14:40:52","slug":"terminos-condiciones","status":"publish","type":"page","link":"https:\/\/www.subtel.gob.cl\/observatorio\/terminos-condiciones\/","title":{"rendered":"T\u00e9rminos y Condiciones"},"content":{"rendered":"<p><b>Observatorio Nacional 5G<\/b><\/p>\n<p>Los presentes <b>T\u00e9rminos y Condiciones Generales de Uso<\/b> (en adelante, los \u201c<b>T\u00e9rminos y Condiciones<\/b>\u201d) regulan el uso del Sitio Virtual del <b>Observatorio Nacional 5G,<\/b> <a href=\"https:\/\/www.subtel.gob.cl\/obs5g\/\">https:\/\/www.subtel.gob.cl\/obs5g\/<\/a>, a cargo de la Subsecretar\u00eda de Telecomunicaciones, as\u00ed como de las instituciones p\u00fablicas, privadas, sociales y acad\u00e9micas que se adhieran al mismo.<\/p>\n<p>El Observatorio Nacional 5G constituye una instancia de cooperaci\u00f3n regulada conforme a la <i>Norma general que establece objetivos y otorga normas b\u00e1sicas de funcionamiento para la instancia de cooperaci\u00f3n denominada Observatorio Nacional 5G<\/i>. <b><\/b><\/p>\n<ul>\n<li><b>Glosario<\/b><\/li>\n<li><b>Actividades de conocimiento: <\/b>cualquier actividad que realicen los integrantes del Observatorio Nacional 5G tales como, webinar, taller, diplomado, curso, evento, encuentro, entre otros.<\/li>\n<\/ul>\n<ul>\n<li><b>Bolet\u00edn Informativo: <\/b>publicaci\u00f3n peri\u00f3dica dirigida a cualquier persona interesada en recibir informaci\u00f3n relacionada con las actividades del Observatorio Nacional 5G.<\/li>\n<\/ul>\n<ul>\n<li><b>Casos de uso: <\/b>proyectos piloto desarrollados por los integrantes del Observatorio Nacional 5G para la investigaci\u00f3n y conocimiento de la tecnolog\u00eda 5G en diversos sectores sociales, econ\u00f3micos e industriales, previa autorizaci\u00f3n para fines experimentales conforme a la legislaci\u00f3n aplicable.<\/li>\n<\/ul>\n<ul>\n<li><b>Correo para recibir notificaciones: <\/b>medio electr\u00f3nico a trav\u00e9s del cual los integrantes manifiestan su inter\u00e9s para recibir cualquier comunicaci\u00f3n relacionada con su participaci\u00f3n en el Observatorio Nacional 5G.<\/li>\n<\/ul>\n<ul>\n<li><b>Est\u00e1ndar de documentaci\u00f3n: <\/b>Formato que tiene por objeto armonizar el registro de los resultados obtenidos en los casos de uso 5G desarrollados por los integrantes del Observatorio Nacional 5G.<\/li>\n<\/ul>\n<ul>\n<li style=\"list-style-type: none;\"><\/li>\n<\/ul>\n<ul>\n<li><b>Investigaciones:<\/b> cualquier proyecto y\/o estudio que desarrollen los integrantes del Observatorio Nacional 5G en torno a la tecnolog\u00eda 5G.<\/li>\n<\/ul>\n<ul>\n<li><b>Asamblea de Gobierno: <\/b>equipo coordinador y facilitador de las actividades relacionadas con el Observatorio Nacional 5G.<\/li>\n<\/ul>\n<ul>\n<li><b>L\u00edneas de acci\u00f3n: <\/b>Ejes de trabajo mediante las cuales se enmarcan las actividades del Observatorio Nacional 5G, las cuales son: 1) Regulaci\u00f3n de Subtel en 5G; 2) Campus 5G; 3) Casos de uso en 5G; 4) Centro Tecnol\u00f3gico en 5G, y 5) Comunicaci\u00f3n y difusi\u00f3n.<\/li>\n<\/ul>\n<ul>\n<li><b>Logotipo: <\/b>s\u00edmbolo formado por im\u00e1genes o letras que sirve para identificar a los integrantes del Observatorio Nacional 5G.<\/li>\n<\/ul>\n<ul>\n<li><b>Norma de Funcionamiento:<\/b> Norma para la operaci\u00f3n de la instancia de cooperaci\u00f3n bajo la denominaci\u00f3n Observatorio Nacional 5G.<\/li>\n<\/ul>\n<ul>\n<li><b>Persona autorizada: <\/b>persona natural designada por cada integrante con la finalidad de llevar a cabo las actividades que deriven del Observatorio Nacional 5G.<\/li>\n<\/ul>\n<ul>\n<li><b>Publicaciones: <\/b>cualquier documento digital, generado por los integrantes del Observatorio Nacional 5G, tales como libro, revista, art\u00edculo, p\u00e1gina web, informe, folleto, material de aprendizaje, entre otros.<\/li>\n<\/ul>\n<ul>\n<li><b>Sitio Virtual:<\/b> Portal de Internet del Observatorio Nacional 5G.<\/li>\n<\/ul>\n<ul>\n<li><b>SUBTEL: <\/b>Subsecretar\u00eda de Telecomunicaciones.<\/li>\n<\/ul>\n<p><b>Objeto del Sitio Virtual <\/b><\/p>\n<p>El Sitio Virtual tiene por objeto: (i) difundir informaci\u00f3n y contenidos a la ciudadan\u00eda sobre las actividades realizadas en el marco del Observatorio Nacional 5G; (ii) registrar a cualquier persona interesada en recibir el bolet\u00edn informativo del Observatorio Nacional 5G; (iii) registrar y adherir a cualquier persona interesada en formar parte del Observatorio Nacional 5G, a trav\u00e9s de la carta de adhesi\u00f3n, y (iv) gestionar las actividades que realicen los integrantes del Observatorio Nacional 5G.<\/p>\n<p><b>Condiciones de Uso de la P\u00e1gina Web<\/b><\/p>\n<p>El uso de este Sitio Virtual se rige por los t\u00e9rminos y condiciones que a continuaci\u00f3n se mencionan:<\/p>\n<ul>\n<li>El contenido de los materiales expresamente atribuidos o identificados como producidos por los integrantes del Observatorio Nacional 5G, \u2014incluidos, sin limitaci\u00f3n, la documentaci\u00f3n y difusi\u00f3n de los casos de usos, las actividades de conocimiento, las publicaciones y\/o investigaciones\u2014 es de propiedad y responsabilidad de dichos integrantes. El uso de esos documentos est\u00e1 sujeta a las condiciones contenidas en ellos, si aplica.<\/li>\n<li>Este Sitio Virtual tambi\u00e9n contiene enlaces a p\u00e1ginas web e informaci\u00f3n proporcionada por terceros. Estos enlaces y cualquier otra informaci\u00f3n se proporcionan como un servicio de difusi\u00f3n para cualquier persona sin que su contenido sea responsabilidad de la SubTel.<\/li>\n<\/ul>\n<ul>\n<li>El Sitio Virtual del Observatorio Nacional 5G no tiene responsabilidad por el contenido, errores, intervenciones, inexactitudes o mala calidad t\u00e9cnica de las p\u00e1ginas web externas, que han sido puestas a disposici\u00f3n de los integrantes del Observatorio Nacional 5G.<\/li>\n<\/ul>\n<ul>\n<li>La informaci\u00f3n que se refiere a una determinada fecha se ofrece exclusivamente a esa fecha, y estar\u00e1 a cargo de los integrantes del Observatorio Nacional 5G que haya registrado dicho evento.<\/li>\n<\/ul>\n<ul>\n<li>La difusi\u00f3n de los contenidos por parte de los integrantes del Observatorio Nacional 5G estar\u00e1 sujeta a aprobaci\u00f3n de la SubTel.<\/li>\n<\/ul>\n<ul>\n<li>Los mapas y cualquier otra informaci\u00f3n de naturaleza parecida que se encuentre en este Sitio Virtual son s\u00f3lo para fines de consulta, y pueden no haber sido preparados o ser adecuados para la ingenier\u00eda legal, la topograf\u00eda o cualquier otra finalidad y\/o uso espec\u00edfico.<\/li>\n<\/ul>\n<ul>\n<li>Si la persona que accede al Sitio Virtual est\u00e1 inconforme con alg\u00fan material publicado, o con alguna de sus condiciones de utilizaci\u00f3n, el \u00fanico y exclusivo recurso a disposici\u00f3n consiste en dejar de utilizar el Sitio Virtual.<\/li>\n<\/ul>\n<ul>\n<li>Nada publicado en el Sitio Virtual ni ning\u00fan material que en \u00e9l figure podr\u00e1 ser interpretado expresa o impl\u00edcitamente, como recomendaciones de la SubTel.<\/li>\n<\/ul>\n<ul>\n<li>El Sitio Virtual contiene material referente a instrumentos financieros del que se proporciona exclusivamente con fines informativos.<\/li>\n<\/ul>\n<ul>\n<li>Las opiniones y conclusiones de los respectivos autores o compiladores contenidas en el Sitio Virtual ser\u00e1n responsabilidad exclusivamente de sus titulares.<\/li>\n<\/ul>\n<ul>\n<li>Estos t\u00e9rminos y condiciones se regir\u00e1n, interpretar\u00e1n y har\u00e1n cumplir de conformidad a las disposiciones de la legislaci\u00f3n chilena.<\/li>\n<\/ul>\n<p><b>Integrantes de Observatorio Nacional 5G<\/b><\/p>\n<ul>\n<li>Cualquier persona interesada podr\u00e1 adherirse al Observatorio Nacional 5G a trav\u00e9s de la Carta de Adhesi\u00f3n.<\/li>\n<li>Los integrantes del Observatorio Nacional 5G deber\u00e1n observar las disposiciones previstas en la Norma de Funcionamiento.<\/li>\n<li>En la interacci\u00f3n de los integrantes del Observatorio Nacional 5G prevalecer\u00e1 la forma digital en aquellos casos que as\u00ed lo requieran.<\/li>\n<li>Los integrantes del Observatorio Nacional 5G contar\u00e1n con un usuario y contrase\u00f1a para poder acceder y difundir contenidos en el marco del Observatorio Nacional 5G.<\/li>\n<li>Los integrantes podr\u00e1n formar parte de la Asamblea de Gobierno del Observatorio Nacional 5G, para lo cual deber\u00e1n manifestarlo a trav\u00e9s de la carta de adhesi\u00f3n.<\/li>\n<\/ul>\n<p><b>Datos personales <\/b><\/p>\n<p>Los datos personales recolectados en el marco del Observatorio Nacional 5G ser\u00e1n protegidos conforme a las disposiciones legales vigentes y la Pol\u00edtica de Privacidad del Observatorio Nacional 5G.<\/p>\n<p><b>Obligaci\u00f3n de mantener datos actualizados<\/b><\/p>\n<p>Los datos introducidos por las personas interesadas en recibir el bolet\u00edn informativo y\/o en ser integrante del Observatorio Nacional 5G deber\u00e1n ser exactos, actuales y veraces en todo momento. Los responsables de la gesti\u00f3n del Sitio Virtual se reservan el derecho de solicitar alg\u00fan comprobante y\/o cualquier otro dato adicional a efectos de corroborar la veracidad de la informaci\u00f3n proporcionada. Igualmente, podr\u00e1n suspender temporal y\/o definitivamente a aquellas personas cuyos datos no hayan podido ser confirmados. La baja o inhabilitaci\u00f3n de una persona podr\u00eda implicar la baja de todos los proyectos que hubiere publicado sin que ello genere derecho a resarcimiento o indemnizaci\u00f3n alguna.<\/p>\n<p><b>Propiedad intelectual <\/b><\/p>\n<p>El c\u00f3digo y los contenidos publicados en el Sitio Virtual portal son propiedad intelectual de la SubTel, la cual comprende, de manera enunciativa, mas no limitativa, los textos, fotograf\u00edas, gr\u00e1ficos, im\u00e1genes, iconos, tecnolog\u00eda, software, links y dem\u00e1s contenidos audiovisuales o sonoros, as\u00ed como su dise\u00f1o gr\u00e1fico y c\u00f3digos fuente.<\/p>\n<p>Los integrantes del Observatorio Nacional 5G declaran y garantizan que los proyectos que publiquen en el Sitio Virtual ser\u00e1n originales, creados por \u00e9l mismo y que de ning\u00fan modo se tratar\u00e1 de copias o reproducciones que violen derechos de propiedad intelectual de terceros. La SubTel podr\u00e1 cancelar las cuentas de aquellos integrantes que infrinjan cualquier derecho de propiedad intelectual de terceros.<\/p>\n<p>Se prevalecer\u00e1 el uso de im\u00e1genes de libre uso. En su caso los integrantes deber\u00e1n cumplir con los requisitos legales en materia de: (i) derechos de autor, y (ii) protecci\u00f3n de datos personales en lo concerniente al consentimiento expreso sobre el uso de la imagen de una persona f\u00edsica identificable. En el caso de menores de edad, deber\u00e1 obtener el consentimiento expreso de su tutor legal. Cuando se actualice estos supuestos, los beneficiarios deber\u00e1n remitir a la SubTel la documentaci\u00f3n sobre los derechos de autor y el consentimiento expreso para el uso de la imagen de una persona f\u00edsica identificable.<\/p>\n<p>Se eliminar\u00e1 los materiales constitutivos de infracci\u00f3n de conformidad con la normativa vigente de propiedad intelectual y datos personales si llega a conocer tal circunstancia. La SubTel no poseer\u00e1 ning\u00fan derecho de propiedad sobre el contenido de los proyectos publicados por los integrantes en el Sitio Virtual. Sin embargo, los integrantes otorgan a la SubTel una licencia gratuita y no exclusiva, para todo el \u00e1mbito territorial mundial y por el m\u00e1ximo per\u00edodo legal de protecci\u00f3n, en virtud de la cual podr\u00e1n: comunicar p\u00fablicamente, reproducir, distribuir y transformar el contenido del proyecto para el cumplimiento de las actividades del Observatorio Nacional 5G.<\/p>\n<p><b>Transparencia<\/b><\/p>\n<p>A trav\u00e9s del Sitio Virtual se llevar\u00e1 a cabo la transparencia y seguimiento de las actividades realizadas en el marco del Observatorio Nacional 5G.<\/p>\n<p><b>Nulidad o Ineficacia<\/b><\/p>\n<p>Si cualquier cl\u00e1usula incluida en los T\u00e9rminos y Condiciones fuese declarada total o parcialmente, nula o ineficaz, tal nulidad o ineficacia tan s\u00f3lo afectar\u00e1 a dicha disposici\u00f3n o a la parte de esta que resulte nula o ineficaz, subsistiendo los T\u00e9rminos y Condiciones en todo lo dem\u00e1s.<\/p>\n<p><b>Modificaciones<\/b><\/p>\n<p>La SUBTEL se reserva el derecho de modificar, a su sola discreci\u00f3n, los T\u00e9rminos y Condiciones en cualquier momento, o suspender, cambiar o terminar el Servicio, lo cual se publicar\u00e1 en el Sitio Virtual.<\/p>\n<p><b>Controversias<\/b><\/p>\n<p>Cualquier dificultad o controversia que se produzca respecto de la aplicaci\u00f3n, interpretaci\u00f3n, duraci\u00f3n, validez o ejecuci\u00f3n de estos T\u00e9rminos y Condiciones, o por cualquier otro motivo relacionado, ser\u00e1 resuelto mediante acuerdo entre las partes o bien, conforme a las disposiciones legales vigentes en Chile.<\/p>\n<p>&nbsp;<\/p>\n<p style=\"text-align: right;\"><em><b>\u00daltima actualizaci\u00f3n 17 de enero de 2022<\/b><\/em><\/p>\n","protected":false},"excerpt":{"rendered":"<p>Observatorio Nacional 5G Los presentes T\u00e9rminos y Condiciones Generales de Uso (en adelante, los \u201cT\u00e9rminos y Condiciones\u201d) regulan el uso del Sitio Virtual del Observatorio Nacional 5G, https:\/\/www.subtel.gob.cl\/obs5g\/, a cargo &#8230;<\/p>\n","protected":false},"author":1,"featured_media":0,"parent":0,"menu_order":0,"comment_status":"closed","ping_status":"closed","template":"","meta":[],"_links":{"self":[{"href":"https:\/\/www.subtel.gob.cl\/observatorio\/wp-json\/wp\/v2\/pages\/272"}],"collection":[{"href":"https:\/\/www.subtel.gob.cl\/observatorio\/wp-json\/wp\/v2\/pages"}],"about":[{"href":"https:\/\/www.subtel.gob.cl\/observatorio\/wp-json\/wp\/v2\/types\/page"}],"author":[{"embeddable":true,"href":"https:\/\/www.subtel.gob.cl\/observatorio\/wp-json\/wp\/v2\/users\/1"}],"replies":[{"embeddable":true,"href":"https:\/\/www.subtel.gob.cl\/observatorio\/wp-json\/wp\/v2\/comments?post=272"}],"version-history":[{"count":4,"href":"https:\/\/www.subtel.gob.cl\/observatorio\/wp-json\/wp\/v2\/pages\/272\/revisions"}],"predecessor-version":[{"id":703,"href":"https:\/\/www.subtel.gob.cl\/observatorio\/wp-json\/wp\/v2\/pages\/272\/revisions\/703"}],"wp:attachment":[{"href":"https:\/\/www.subtel.gob.cl\/observatorio\/wp-json\/wp\/v2\/media?parent=272"}],"curies":[{"name":"wp","href":"https:\/\/api.w.org\/{rel}","templated":true}]}}