{"id":22,"date":"2020-10-26T15:23:35","date_gmt":"2020-10-26T18:23:35","guid":{"rendered":"https:\/\/www.subtel.gob.cl\/5G\/?page_id=22"},"modified":"2022-03-10T13:30:34","modified_gmt":"2022-03-10T16:30:34","slug":"home","status":"publish","type":"page","link":"https:\/\/www.subtel.gob.cl\/observatorio\/","title":{"rendered":"Inicio"},"content":{"rendered":"<p><img loading=\"lazy\" class=\"aligncenter size-full wp-image-641\" src=\"https:\/\/www.subtel.gob.cl\/observatorio\/wp-content\/uploads\/2022\/01\/lanzamiento-5g-dic2021-2.jpg\" alt=\"\" width=\"1363\" height=\"530\" srcset=\"https:\/\/www.subtel.gob.cl\/observatorio\/wp-content\/uploads\/2022\/01\/lanzamiento-5g-dic2021-2.jpg 1363w, https:\/\/www.subtel.gob.cl\/observatorio\/wp-content\/uploads\/2022\/01\/lanzamiento-5g-dic2021-2-300x117.jpg 300w, https:\/\/www.subtel.gob.cl\/observatorio\/wp-content\/uploads\/2022\/01\/lanzamiento-5g-dic2021-2-1024x398.jpg 1024w, https:\/\/www.subtel.gob.cl\/observatorio\/wp-content\/uploads\/2022\/01\/lanzamiento-5g-dic2021-2-768x299.jpg 768w\" sizes=\"(max-width: 1363px) 100vw, 1363px\" \/><\/p>\n<p><img loading=\"lazy\" class=\"aligncenter size-full wp-image-697\" src=\"https:\/\/www.subtel.gob.cl\/observatorio\/wp-content\/uploads\/2022\/01\/noticias.png\" alt=\"Noticias\" width=\"1111\" height=\"101\" srcset=\"https:\/\/www.subtel.gob.cl\/observatorio\/wp-content\/uploads\/2022\/01\/noticias.png 1111w, https:\/\/www.subtel.gob.cl\/observatorio\/wp-content\/uploads\/2022\/01\/noticias-300x27.png 300w, https:\/\/www.subtel.gob.cl\/observatorio\/wp-content\/uploads\/2022\/01\/noticias-1024x93.png 1024w, https:\/\/www.subtel.gob.cl\/observatorio\/wp-content\/uploads\/2022\/01\/noticias-768x70.png 768w\" sizes=\"(max-width: 1111px) 100vw, 1111px\" \/><\/p>\n\n<p>&nbsp;<\/p>\n<p><img loading=\"lazy\" class=\"aligncenter size-full wp-image-692\" src=\"https:\/\/www.subtel.gob.cl\/observatorio\/wp-content\/uploads\/2022\/01\/nuestros-objetivos.png\" alt=\"banner-nuestros-objetivos\" width=\"1111\" height=\"101\" srcset=\"https:\/\/www.subtel.gob.cl\/observatorio\/wp-content\/uploads\/2022\/01\/nuestros-objetivos.png 1111w, https:\/\/www.subtel.gob.cl\/observatorio\/wp-content\/uploads\/2022\/01\/nuestros-objetivos-300x27.png 300w, https:\/\/www.subtel.gob.cl\/observatorio\/wp-content\/uploads\/2022\/01\/nuestros-objetivos-1024x93.png 1024w, https:\/\/www.subtel.gob.cl\/observatorio\/wp-content\/uploads\/2022\/01\/nuestros-objetivos-768x70.png 768w\" sizes=\"(max-width: 1111px) 100vw, 1111px\" \/><\/p>\n<ul>\n<li>Constituir una instancia de coordinaci\u00f3n, cooperaci\u00f3n e intercambio de conocimiento en materia de tecnolog\u00edas 5G<\/li>\n<li>Identificar, desarrollar y documentar casos de uso basados en la tecnolog\u00eda 5G que permitan conocer el impacto social, econ\u00f3mico, t\u00e9cnico y regulatorio en Chile.<\/li>\n<li>Contribuir a la estandarizaci\u00f3n e innovaci\u00f3n, para alinear estrategias en torno a la tecnolog\u00eda 5G.<\/li>\n<li>Difundir publicaciones, investigaciones, capacitaciones y\/o cualquier actividad de conocimiento sobre la tecnolog\u00eda 5G.<\/li>\n<\/ul>\n<p>&nbsp;<\/p>\n<p><iframe loading=\"lazy\" src=\"https:\/\/www.youtube.com\/embed\/5rgk1irLaPY\" width=\"450\" height=\"253\" frameborder=\"0\" allowfullscreen=\"allowfullscreen\"><\/iframe><\/p>\n<p><img loading=\"lazy\" class=\"aligncenter size-full wp-image-699\" src=\"https:\/\/www.subtel.gob.cl\/observatorio\/wp-content\/uploads\/2022\/01\/casos-uso.png\" alt=\"Casos de Uso\" width=\"1111\" height=\"101\" srcset=\"https:\/\/www.subtel.gob.cl\/observatorio\/wp-content\/uploads\/2022\/01\/casos-uso.png 1111w, https:\/\/www.subtel.gob.cl\/observatorio\/wp-content\/uploads\/2022\/01\/casos-uso-300x27.png 300w, https:\/\/www.subtel.gob.cl\/observatorio\/wp-content\/uploads\/2022\/01\/casos-uso-1024x93.png 1024w, https:\/\/www.subtel.gob.cl\/observatorio\/wp-content\/uploads\/2022\/01\/casos-uso-768x70.png 768w\" sizes=\"(max-width: 1111px) 100vw, 1111px\" \/><\/p>\n<p>En Chile buscamos que la implementaci\u00f3n oportuna de la tecnolog\u00eda 5G ofrezca la posibilidad de desarrollar aplicaciones y productos innovadores en diversos campos de la econom\u00eda, as\u00ed como tambi\u00e9n mejorar la experiencia del usuario que demanda servicios de conectividad digital de alta calidad.<\/p>\n<p><iframe loading=\"lazy\" src=\"https:\/\/subtel.maps.arcgis.com\/apps\/Styler\/index.html?appid=c26651c15e874708b2f5f2b148bf838e\" name=\"mapa\" width=\"100%\" height=\"300\" frameborder=\"0\"><\/iframe><\/p>\n<div align=\"center\"><\/div>\n<p>&nbsp;<\/p>\n<p><img loading=\"lazy\" class=\"aligncenter size-full wp-image-700\" src=\"https:\/\/www.subtel.gob.cl\/observatorio\/wp-content\/uploads\/2022\/01\/eventos.png\" alt=\"\" width=\"1111\" height=\"101\" srcset=\"https:\/\/www.subtel.gob.cl\/observatorio\/wp-content\/uploads\/2022\/01\/eventos.png 1111w, https:\/\/www.subtel.gob.cl\/observatorio\/wp-content\/uploads\/2022\/01\/eventos-300x27.png 300w, https:\/\/www.subtel.gob.cl\/observatorio\/wp-content\/uploads\/2022\/01\/eventos-1024x93.png 1024w, https:\/\/www.subtel.gob.cl\/observatorio\/wp-content\/uploads\/2022\/01\/eventos-768x70.png 768w\" sizes=\"(max-width: 1111px) 100vw, 1111px\" \/><\/p>\n<p><iframe loading=\"lazy\" title=\"Sofofa HUB\" width=\"800\" height=\"450\" src=\"https:\/\/www.youtube.com\/embed\/_w1dQM7yR5U?feature=oembed\" frameborder=\"0\" allow=\"accelerometer; autoplay; clipboard-write; encrypted-media; gyroscope; picture-in-picture\" allowfullscreen><\/iframe><\/p>\n<p>&nbsp;<\/p>\n<p>&nbsp;<\/p>\n<p>&nbsp;<\/p>\n","protected":false},"excerpt":{"rendered":"<p>&nbsp; Constituir una instancia de coordinaci\u00f3n, cooperaci\u00f3n e intercambio de conocimiento en materia de tecnolog\u00edas 5G Identificar, desarrollar y documentar casos de uso basados en la tecnolog\u00eda 5G que permitan &#8230;<\/p>\n","protected":false},"author":1,"featured_media":0,"parent":0,"menu_order":0,"comment_status":"closed","ping_status":"closed","template":"","meta":[],"_links":{"self":[{"href":"https:\/\/www.subtel.gob.cl\/observatorio\/wp-json\/wp\/v2\/pages\/22"}],"collection":[{"href":"https:\/\/www.subtel.gob.cl\/observatorio\/wp-json\/wp\/v2\/pages"}],"about":[{"href":"https:\/\/www.subtel.gob.cl\/observatorio\/wp-json\/wp\/v2\/types\/page"}],"author":[{"embeddable":true,"href":"https:\/\/www.subtel.gob.cl\/observatorio\/wp-json\/wp\/v2\/users\/1"}],"replies":[{"embeddable":true,"href":"https:\/\/www.subtel.gob.cl\/observatorio\/wp-json\/wp\/v2\/comments?post=22"}],"version-history":[{"count":97,"href":"https:\/\/www.subtel.gob.cl\/observatorio\/wp-json\/wp\/v2\/pages\/22\/revisions"}],"predecessor-version":[{"id":790,"href":"https:\/\/www.subtel.gob.cl\/observatorio\/wp-json\/wp\/v2\/pages\/22\/revisions\/790"}],"wp:attachment":[{"href":"https:\/\/www.subtel.gob.cl\/observatorio\/wp-json\/wp\/v2\/media?parent=22"}],"curies":[{"name":"wp","href":"https:\/\/api.w.org\/{rel}","templated":true}]}}