{"id":138,"date":"2020-11-04T11:48:26","date_gmt":"2020-11-04T14:48:26","guid":{"rendered":"https:\/\/www.subtel.gob.cl\/Observatorio5G\/?page_id=138"},"modified":"2022-03-09T10:20:18","modified_gmt":"2022-03-09T13:20:18","slug":"campus-5g","status":"publish","type":"page","link":"https:\/\/www.subtel.gob.cl\/observatorio\/campus-5g\/","title":{"rendered":"Campus 5G"},"content":{"rendered":"<p><img loading=\"lazy\" class=\"aligncenter size-full wp-image-718\" src=\"https:\/\/www.subtel.gob.cl\/observatorio\/wp-content\/uploads\/2022\/01\/campus-5g.png\" alt=\"\" width=\"1115\" height=\"200\" srcset=\"https:\/\/www.subtel.gob.cl\/observatorio\/wp-content\/uploads\/2022\/01\/campus-5g.png 1115w, https:\/\/www.subtel.gob.cl\/observatorio\/wp-content\/uploads\/2022\/01\/campus-5g-300x54.png 300w, https:\/\/www.subtel.gob.cl\/observatorio\/wp-content\/uploads\/2022\/01\/campus-5g-1024x184.png 1024w, https:\/\/www.subtel.gob.cl\/observatorio\/wp-content\/uploads\/2022\/01\/campus-5g-768x138.png 768w\" sizes=\"(max-width: 1115px) 100vw, 1115px\" \/><\/p>\n<p>En la b\u00fasqueda de impulsar la colaboraci\u00f3n del ecosistema digital en Chile, nace la iniciativa de <strong>Campus 5G<\/strong>, espacios acad\u00e9micos dedicados a la investigaci\u00f3n, docencia, exploraci\u00f3n, y desarrollo de programas y aplicaciones en torno a la nueva red 5G. Esperamos que estos espacios se conviertan en laboratorios de pruebas tanto para la academia como para diversas instituciones p\u00fablicas y privadas del pa\u00eds.<\/p>\n<p><img loading=\"lazy\" class=\"aligncenter size-full wp-image-705\" src=\"https:\/\/www.subtel.gob.cl\/observatorio\/wp-content\/uploads\/2022\/01\/filete-color.png\" alt=\"Filete color\" width=\"1111\" height=\"31\" srcset=\"https:\/\/www.subtel.gob.cl\/observatorio\/wp-content\/uploads\/2022\/01\/filete-color.png 1111w, https:\/\/www.subtel.gob.cl\/observatorio\/wp-content\/uploads\/2022\/01\/filete-color-300x8.png 300w, https:\/\/www.subtel.gob.cl\/observatorio\/wp-content\/uploads\/2022\/01\/filete-color-1024x29.png 1024w, https:\/\/www.subtel.gob.cl\/observatorio\/wp-content\/uploads\/2022\/01\/filete-color-768x21.png 768w\" sizes=\"(max-width: 1111px) 100vw, 1111px\" \/><\/p>\n<p>Actualmente, ya contamos con un convenio de colaboraci\u00f3n en 5G suscrito con 19 Universidades y CFT, y 2 Centros de Investigaci\u00f3n y\/o Transferencia Tecnol\u00f3gica. Esperamos contar con la participaci\u00f3n de m\u00e1s instituciones acad\u00e9micas.<\/p>\n<div><\/div>\n<p>&nbsp;<\/p>\n<p>&nbsp;<\/p>\n","protected":false},"excerpt":{"rendered":"<p>En la b\u00fasqueda de impulsar la colaboraci\u00f3n del ecosistema digital en Chile, nace la iniciativa de Campus 5G, espacios acad\u00e9micos dedicados a la investigaci\u00f3n, docencia, exploraci\u00f3n, y desarrollo de programas &#8230;<\/p>\n","protected":false},"author":1,"featured_media":0,"parent":0,"menu_order":0,"comment_status":"closed","ping_status":"closed","template":"","meta":[],"_links":{"self":[{"href":"https:\/\/www.subtel.gob.cl\/observatorio\/wp-json\/wp\/v2\/pages\/138"}],"collection":[{"href":"https:\/\/www.subtel.gob.cl\/observatorio\/wp-json\/wp\/v2\/pages"}],"about":[{"href":"https:\/\/www.subtel.gob.cl\/observatorio\/wp-json\/wp\/v2\/types\/page"}],"author":[{"embeddable":true,"href":"https:\/\/www.subtel.gob.cl\/observatorio\/wp-json\/wp\/v2\/users\/1"}],"replies":[{"embeddable":true,"href":"https:\/\/www.subtel.gob.cl\/observatorio\/wp-json\/wp\/v2\/comments?post=138"}],"version-history":[{"count":27,"href":"https:\/\/www.subtel.gob.cl\/observatorio\/wp-json\/wp\/v2\/pages\/138\/revisions"}],"predecessor-version":[{"id":786,"href":"https:\/\/www.subtel.gob.cl\/observatorio\/wp-json\/wp\/v2\/pages\/138\/revisions\/786"}],"wp:attachment":[{"href":"https:\/\/www.subtel.gob.cl\/observatorio\/wp-json\/wp\/v2\/media?parent=138"}],"curies":[{"name":"wp","href":"https:\/\/api.w.org\/{rel}","templated":true}]}}